{"id":1237,"date":"2025-10-16T12:25:17","date_gmt":"2025-10-16T12:25:17","guid":{"rendered":"https:\/\/apirac.pt\/?page_id=1237"},"modified":"2026-01-19T08:45:14","modified_gmt":"2026-01-19T08:45:14","slug":"comissao-de-importadores-e-distribuidores","status":"publish","type":"page","link":"https:\/\/apirac.pt\/en\/comissoes\/comissao-de-importadores-e-distribuidores\/","title":{"rendered":"Comiss\u00e3o de Importadores e Distribuidores"},"content":{"rendered":"<div data-elementor-type=\"wp-page\" data-elementor-id=\"1237\" class=\"elementor elementor-1237\" data-elementor-post-type=\"page\">\n\t\t\t\t<div class=\"elementor-element elementor-element-f8b89e6 jedv-enabled--yes e-flex e-con-boxed e-con e-parent\" data-id=\"f8b89e6\" data-element_type=\"container\" data-e-type=\"container\" data-settings=\"{&quot;jet_parallax_layout_list&quot;:[]}\">\n\t\t\t\t\t<div class=\"e-con-inner\">\n\t\t\t\t<div class=\"elementor-element elementor-element-24e4ce0 elementor-invisible elementor-widget elementor-widget-heading\" data-id=\"24e4ce0\" data-element_type=\"widget\" data-e-type=\"widget\" data-settings=\"{&quot;_animation&quot;:&quot;fadeInUp&quot;}\" data-widget_type=\"heading.default\">\n\t\t\t\t\t<h2 class=\"elementor-heading-title elementor-size-default\">\u00c1rea Reservada<\/h2>\t\t\t\t<\/div>\n\t\t\t\t<div class=\"elementor-element elementor-element-86b90b1 elementor-button-align-stretch elementor-invisible elementor-widget elementor-widget-login\" data-id=\"86b90b1\" data-element_type=\"widget\" data-e-type=\"widget\" data-settings=\"{&quot;_animation&quot;:&quot;fadeIn&quot;}\" data-widget_type=\"login.default\">\n\t\t\t\t\t\t\t<form class=\"elementor-login elementor-form\" method=\"post\" action=\"https:\/\/apirac.pt\/wp-login.php\" aria-label=\"Login form\">\n\t\t\t<input type=\"hidden\" name=\"redirect_to\" value=\"\/en\/wp-json\/wp\/v2\/pages\/1237\">\n\t\t\t<div class=\"elementor-form-fields-wrapper\">\n\t\t\t\t<div class=\"elementor-field-type-text elementor-field-group elementor-column elementor-col-100 elementor-field-required\">\n\t\t\t\t\t<label for=\"user-86b90b1\" class=\"elementor-field-label elementor-screen-only\"><\/label>\n\t\t\t\t\t<input size=\"1\" type=\"text\" name=\"log\" id=\"user-86b90b1\" placeholder=\"Utilizador\" class=\"elementor-field elementor-field-textual elementor-size-lg\">\n\t\t\t\t<\/div>\n\t\t\t\t<div class=\"elementor-field-type-text elementor-field-group elementor-column elementor-col-100 elementor-field-required\">\n\t\t\t\t\t<label for=\"password-86b90b1\" class=\"elementor-field-label elementor-screen-only\"><\/label>\n\t\t\t\t\t<input size=\"1\" type=\"password\" name=\"pwd\" id=\"password-86b90b1\" placeholder=\"Palavra-Passe\" class=\"elementor-field elementor-field-textual elementor-size-lg\">\n\t\t\t\t<\/div>\n\n\t\t\t\t\n\t\t\t\t<div class=\"elementor-field-group elementor-column elementor-field-type-submit elementor-col-100\">\n\t\t\t\t\t<button type=\"submit\" class=\"elementor-size-md elementor-button\" name=\"wp-submit\">\n\t\t\t\t\t\t\t\t\t\t\t\t\t\t\t<span class=\"elementor-button-text\">Entrar<\/span>\n\t\t\t\t\t\t\t\t\t\t\t\t<\/button>\n\t\t\t\t<\/div>\n\n\t\t\t\t\t\t\t<\/div>\n\t\t<\/form>\n\t\t\t\t\t\t<\/div>\n\t\t\t\t\t<\/div>\n\t\t\t\t<\/div>\n\t\t\t\t<\/div>","protected":false},"excerpt":{"rendered":"<p>\u00c1rea Reservada Home COMISS\u00d5ES Comiss\u00e3o de Importadores e Distribuidores Desde 1999, o processo de recolha dos Dados Estat\u00edsticos de Vendas de Equipamentos de AVAC \u00e9 uma imagem de marca do trabalho desenvolvido pela Comiss\u00e3o. Todos as marcas reconhecidas do grande p\u00fablico s\u00e3o elementos importantes neste processo. Estamos perante uma das a\u00e7\u00f5es de maior interesse e [&hellip;]<\/p>\n","protected":false},"author":1,"featured_media":0,"parent":22,"menu_order":0,"comment_status":"closed","ping_status":"closed","template":"","meta":{"footnotes":""},"class_list":["post-1237","page","type-page","status-publish","hentry"],"_links":{"self":[{"href":"https:\/\/apirac.pt\/en\/wp-json\/wp\/v2\/pages\/1237","targetHints":{"allow":["GET"]}}],"collection":[{"href":"https:\/\/apirac.pt\/en\/wp-json\/wp\/v2\/pages"}],"about":[{"href":"https:\/\/apirac.pt\/en\/wp-json\/wp\/v2\/types\/page"}],"author":[{"embeddable":true,"href":"https:\/\/apirac.pt\/en\/wp-json\/wp\/v2\/users\/1"}],"replies":[{"embeddable":true,"href":"https:\/\/apirac.pt\/en\/wp-json\/wp\/v2\/comments?post=1237"}],"version-history":[{"count":83,"href":"https:\/\/apirac.pt\/en\/wp-json\/wp\/v2\/pages\/1237\/revisions"}],"predecessor-version":[{"id":6168,"href":"https:\/\/apirac.pt\/en\/wp-json\/wp\/v2\/pages\/1237\/revisions\/6168"}],"up":[{"embeddable":true,"href":"https:\/\/apirac.pt\/en\/wp-json\/wp\/v2\/pages\/22"}],"wp:attachment":[{"href":"https:\/\/apirac.pt\/en\/wp-json\/wp\/v2\/media?parent=1237"}],"curies":[{"name":"wp","href":"https:\/\/api.w.org\/{rel}","templated":true}]}}