{"id":829,"date":"2025-10-14T14:52:10","date_gmt":"2025-10-14T14:52:10","guid":{"rendered":"https:\/\/apirac.pt\/?page_id=829"},"modified":"2026-03-25T17:06:02","modified_gmt":"2026-03-25T17:06:02","slug":"certificacao-de-empresas","status":"publish","type":"page","link":"https:\/\/apirac.pt\/en\/atividades\/certificacao-de-empresas\/","title":{"rendered":"Certifica\u00e7\u00e3o de Empresas"},"content":{"rendered":"\t\t<div data-elementor-type=\"wp-post\" data-elementor-id=\"829\" class=\"elementor elementor-829\" data-elementor-post-type=\"page\">\n\t\t\t\t<div class=\"elementor-element elementor-element-2bc25a4 e-flex e-con-boxed elementor-invisible e-con e-parent\" data-id=\"2bc25a4\" data-element_type=\"container\" data-e-type=\"container\" data-settings=\"{&quot;background_background&quot;:&quot;classic&quot;,&quot;jet_parallax_layout_list&quot;:[],&quot;animation&quot;:&quot;fadeInUp&quot;}\">\n\t\t\t\t\t<div class=\"e-con-inner\">\n\t\t\t\t<div class=\"elementor-element elementor-element-a9501b6 elementor-widget elementor-widget-jet-carousel\" data-id=\"a9501b6\" data-element_type=\"widget\" data-e-type=\"widget\" data-settings=\"{&quot;slides_to_show&quot;:&quot;1&quot;,&quot;slides_to_scroll&quot;:&quot;1&quot;}\" data-widget_type=\"jet-carousel.default\">\n\t\t\t\t<div class=\"elementor-widget-container\">\n\t\t\t\t\t<div class=\"elementor-jet-carousel jet-elements\"><div class=\"jet-carousel-wrap jet-equal-cols\">\n\t<div class=\"jet-carousel\" data-slider_options=\"{&quot;autoplaySpeed&quot;:5000,&quot;autoplay&quot;:false,&quot;infinite&quot;:false,&quot;centerMode&quot;:false,&quot;centerPadding&quot;:&quot;50px&quot;,&quot;pauseOnHover&quot;:false,&quot;speed&quot;:500,&quot;arrows&quot;:false,&quot;dots&quot;:false,&quot;variableWidth&quot;:false,&quot;prevArrow&quot;:&quot;.jet-carousel__prev-arrow-a9501b6&quot;,&quot;nextArrow&quot;:&quot;.jet-carousel__next-arrow-a9501b6&quot;,&quot;rtl&quot;:false,&quot;fractionNav&quot;:false,&quot;fade&quot;:false}\" dir=\"ltr\">\n\t<div class=\"elementor-slick-slider\">\n\n<div class=\"jet-carousel__item\">\n\t<div class=\"jet-carousel__item-inner\"><a href=\"#\" class=\"jet-carousel__item-link\" ><img decoding=\"async\" src=\"https:\/\/apirac.pt\/wp-content\/uploads\/2025\/10\/image-19.jpg\" class=\"jet-carousel__item-img\" alt=\"image (19)\" loading=\"lazy\"><\/a><div class=\"jet-carousel__content\"><h5 class=\"jet-carousel__item-title\">Certifica\u00e7\u00e3o de Empresas<\/h5><\/div><\/div>\n<\/div>\n<\/div><\/div>\n<\/div>\n<\/div>\t\t\t\t<\/div>\n\t\t\t\t<\/div>\n\t\t\t\t\t<\/div>\n\t\t\t\t<\/div>\n\t\t<div class=\"elementor-element elementor-element-bb0be43 e-flex e-con-boxed elementor-invisible e-con e-parent\" data-id=\"bb0be43\" data-element_type=\"container\" data-e-type=\"container\" data-settings=\"{&quot;jet_parallax_layout_list&quot;:[],&quot;animation&quot;:&quot;fadeInUp&quot;}\">\n\t\t\t\t\t<div class=\"e-con-inner\">\n\t\t\t\t<div class=\"elementor-element elementor-element-3a11d7f jet-breadcrumbs-align-left pcm-breadcrumb elementor-invisible elementor-widget elementor-widget-global elementor-global-1090 elementor-widget-jet-breadcrumbs\" data-id=\"3a11d7f\" data-element_type=\"widget\" data-e-type=\"widget\" data-settings=\"{&quot;_animation&quot;:&quot;fadeInUp&quot;}\" data-widget_type=\"jet-breadcrumbs.default\">\n\t\t\t\t<div class=\"elementor-widget-container\">\n\t\t\t\t\t<div class=\"elementor-jet-breadcrumbs jet-blocks\">\n\t\t<div class=\"jet-breadcrumbs\">\n\t\t<div class=\"jet-breadcrumbs__content\">\n\t\t<div class=\"jet-breadcrumbs__wrap\"><div class=\"jet-breadcrumbs__item\"><a href=\"https:\/\/apirac.pt\/en\/\" class=\"jet-breadcrumbs__item-link is-home\" rel=\"home\" title=\"Home\">Home<\/a><\/div>\n\t\t<\/div>\n\t\t<\/div>\n\t\t<\/div><\/div>\t\t\t\t<\/div>\n\t\t\t\t<\/div>\n\t\t\t\t\t<\/div>\n\t\t\t\t<\/div>\n\t\t<div class=\"elementor-element elementor-element-52b594c e-grid e-con-boxed e-con e-parent\" data-id=\"52b594c\" data-element_type=\"container\" data-e-type=\"container\" data-settings=\"{&quot;jet_parallax_layout_list&quot;:[]}\">\n\t\t\t\t\t<div class=\"e-con-inner\">\n\t\t\t\t<div class=\"elementor-element elementor-element-87c0273 elementor-invisible elementor-widget elementor-widget-image\" data-id=\"87c0273\" data-element_type=\"widget\" data-e-type=\"widget\" data-settings=\"{&quot;_animation&quot;:&quot;fadeInUp&quot;,&quot;_animation_delay&quot;:300,&quot;sticky&quot;:&quot;top&quot;,&quot;sticky_parent&quot;:&quot;yes&quot;,&quot;sticky_on&quot;:[&quot;desktop&quot;],&quot;sticky_offset&quot;:0,&quot;sticky_effects_offset&quot;:0,&quot;sticky_anchor_link_offset&quot;:0}\" data-widget_type=\"image.default\">\n\t\t\t\t\t\t\t\t\t\t\t\t\t\t\t<img fetchpriority=\"high\" decoding=\"async\" width=\"604\" height=\"658\" src=\"https:\/\/apirac.pt\/wp-content\/uploads\/2025\/10\/image-11-1.jpg\" class=\"attachment-full size-full wp-image-1195\" alt=\"\" srcset=\"https:\/\/apirac.pt\/wp-content\/uploads\/2025\/10\/image-11-1.jpg 604w, https:\/\/apirac.pt\/wp-content\/uploads\/2025\/10\/image-11-1-600x654.jpg 600w, https:\/\/apirac.pt\/wp-content\/uploads\/2025\/10\/image-11-1-275x300.jpg 275w\" sizes=\"(max-width: 604px) 100vw, 604px\" \/>\t\t\t\t\t\t\t\t\t\t\t\t\t\t\t<\/div>\n\t\t<div class=\"elementor-element elementor-element-579c7f0 e-con-full e-flex elementor-invisible e-con e-child\" data-id=\"579c7f0\" data-element_type=\"container\" data-e-type=\"container\" data-settings=\"{&quot;jet_parallax_layout_list&quot;:[],&quot;animation&quot;:&quot;fadeInLeft&quot;}\">\n\t\t\t\t<div class=\"elementor-element elementor-element-6122416 elementor-widget elementor-widget-heading\" data-id=\"6122416\" data-element_type=\"widget\" data-e-type=\"widget\" data-widget_type=\"heading.default\">\n\t\t\t\t\t<h2 class=\"elementor-heading-title elementor-size-default\">ATIVIDADES<\/h2>\t\t\t\t<\/div>\n\t\t\t\t<div class=\"elementor-element elementor-element-3f9e321 elementor-widget elementor-widget-heading\" data-id=\"3f9e321\" data-element_type=\"widget\" data-e-type=\"widget\" data-widget_type=\"heading.default\">\n\t\t\t\t\t<h2 class=\"elementor-heading-title elementor-size-default\">Certifica\u00e7\u00e3o de Empresas<\/h2>\t\t\t\t<\/div>\n\t\t\t\t<div class=\"elementor-element elementor-element-2e5908f elementor-widget elementor-widget-text-editor\" data-id=\"2e5908f\" data-element_type=\"widget\" data-e-type=\"widget\" data-widget_type=\"text-editor.default\">\n\t\t\t\t\t\t\t\t\t<p>A certifica\u00e7\u00e3o de empresas que prestam servi\u00e7os a terceiros <strong>\u00e9 obrigat\u00f3ria<\/strong> para o manuseamento e interven\u00e7\u00f5es em equipamentos que contenham os gases fluorados e suas alternativas, e \u00e9 de <strong>\u00e2mbito europeu<\/strong>, o que equivale a dizer que uma certifica\u00e7\u00e3o neste \u00e2mbito em Portugal \u00e9 reconhecida em qualquer pa\u00eds da Uni\u00e3o Europeia.<\/p><p>A certifica\u00e7\u00e3o de empresas est\u00e1 consagrada nos <strong>Regulamento (UE) 2024\/573<\/strong> do Parlamento Europeu e do Conselho, de 7 de fevereiro de 2024, e <strong>Regulamento de Execu\u00e7\u00e3o (UE) 2024\/2215<\/strong> da Comiss\u00e3o, de 6 de setembro de 2024, que estabelece, os requisitos m\u00ednimos para a emiss\u00e3o de certificados a pessoas singulares e coletivas e as condi\u00e7\u00f5es para o reconhecimento m\u00fatuo desses certificados, no que diz respeito \u00e0 refrigera\u00e7\u00e3o fixa, equipamentos de ar condicionado e bombas de calor, ciclos org\u00e2nicos de Rankine e unidades de refrigera\u00e7\u00e3o de cami\u00f5es frigor\u00edficos, reboques frigor\u00edficos, ve\u00edculos ligeiros frigor\u00edficos, contentores intermodais e vag\u00f5es ferrovi\u00e1rios que contenham gases fluorados com efeito de estufa ou as suas alternativas.<\/p><p><strong>A APIRAC presta apoio espec\u00edfico \u00e0s empresas<\/strong> suas Associadas, destacando-se o apoio localizado com organiza\u00e7\u00e3o do dossier de certifica\u00e7\u00e3o, verifica\u00e7\u00e3o de ferramentas e do local de inspe\u00e7\u00e3o e auditoria interna pr\u00e9via \u00e0 auditoria final de certifica\u00e7\u00e3o.<\/p>\t\t\t\t\t\t\t\t<\/div>\n\t\t\t\t<\/div>\n\t\t\t\t\t<\/div>\n\t\t\t\t<\/div>\n\t\t<div class=\"elementor-element elementor-element-e0dcb3c e-grid e-con-boxed e-con e-parent\" data-id=\"e0dcb3c\" data-element_type=\"container\" data-e-type=\"container\" data-settings=\"{&quot;jet_parallax_layout_list&quot;:[]}\">\n\t\t\t\t\t<div class=\"e-con-inner\">\n\t\t<div class=\"elementor-element elementor-element-73edffb e-con-full e-flex elementor-invisible e-con e-child\" data-id=\"73edffb\" data-element_type=\"container\" data-e-type=\"container\" data-settings=\"{&quot;jet_parallax_layout_list&quot;:[],&quot;animation&quot;:&quot;fadeInUp&quot;}\">\n\t\t\t\t<div class=\"elementor-element elementor-element-8fb9496 elementor-widget elementor-widget-heading\" data-id=\"8fb9496\" data-element_type=\"widget\" data-e-type=\"widget\" data-widget_type=\"heading.default\">\n\t\t\t\t\t<h2 class=\"elementor-heading-title elementor-size-default\">Pretende Certificar \na sua Empresa?<\/h2>\t\t\t\t<\/div>\n\t\t\t\t<div class=\"elementor-element elementor-element-f34a081 elementor-widget elementor-widget-text-editor\" data-id=\"f34a081\" data-element_type=\"widget\" data-e-type=\"widget\" data-widget_type=\"text-editor.default\">\n\t\t\t\t\t\t\t\t\t<p>N\u00f3s damos o apoio que precisa! Preencha o formul\u00e1rio de contacto abaixo e n\u00f3s entraremos em contacto consigo!<\/p>\t\t\t\t\t\t\t\t<\/div>\n\t\t\t\t<\/div>\n\t\t<div class=\"elementor-element elementor-element-fdd8766 e-con-full e-flex e-con e-child\" data-id=\"fdd8766\" data-element_type=\"container\" data-e-type=\"container\" data-settings=\"{&quot;jet_parallax_layout_list&quot;:[],&quot;background_background&quot;:&quot;classic&quot;}\">\n\t\t\t\t<div class=\"elementor-element elementor-element-ef39784 elementor-widget elementor-widget-heading\" data-id=\"ef39784\" data-element_type=\"widget\" data-e-type=\"widget\" data-widget_type=\"heading.default\">\n\t\t\t\t\t<h2 class=\"elementor-heading-title elementor-size-default\">Formul\u00e1rio de Contacto<\/h2>\t\t\t\t<\/div>\n\t\t<div class=\"elementor-element elementor-element-cd2fc5b e-con-full e-flex e-con e-child\" data-id=\"cd2fc5b\" data-element_type=\"container\" data-e-type=\"container\" data-settings=\"{&quot;jet_parallax_layout_list&quot;:[]}\">\n\t\t\t\t<div class=\"elementor-element elementor-element-6f8ea69 elementor-button-align-stretch elementor-widget elementor-widget-form\" data-id=\"6f8ea69\" data-element_type=\"widget\" data-e-type=\"widget\" data-settings=\"{&quot;button_width_mobile&quot;:&quot;100&quot;,&quot;step_next_label&quot;:&quot;Next&quot;,&quot;step_previous_label&quot;:&quot;Previous&quot;,&quot;button_width&quot;:&quot;100&quot;,&quot;step_type&quot;:&quot;number_text&quot;,&quot;step_icon_shape&quot;:&quot;circle&quot;}\" data-widget_type=\"form.default\">\n\t\t\t\t\t\t\t<form class=\"elementor-form\" method=\"post\" name=\"New Form\" aria-label=\"New Form\">\n\t\t\t<input type=\"hidden\" name=\"post_id\" value=\"829\"\/>\n\t\t\t<input type=\"hidden\" name=\"form_id\" value=\"6f8ea69\"\/>\n\t\t\t<input type=\"hidden\" name=\"referer_title\" value=\"\" \/>\n\n\t\t\t\n\t\t\t<div class=\"elementor-form-fields-wrapper elementor-labels-above\">\n\t\t\t\t\t\t\t\t<div class=\"elementor-field-type-text elementor-field-group elementor-column elementor-field-group-name elementor-col-100 elementor-sm-100 elementor-field-required\">\n\t\t\t\t\t\t\t\t\t\t\t\t\t<input size=\"1\" type=\"text\" name=\"form_fields[name]\" id=\"form-field-name\" class=\"elementor-field elementor-size-sm  elementor-field-textual\" placeholder=\"Nome\" required=\"required\">\n\t\t\t\t\t\t\t\t\t\t\t<\/div>\n\t\t\t\t\t\t\t\t<div class=\"elementor-field-type-text elementor-field-group elementor-column elementor-field-group-field_cb699a3 elementor-col-50 elementor-sm-100 elementor-field-required\">\n\t\t\t\t\t\t\t\t\t\t\t\t\t<input size=\"1\" type=\"text\" name=\"form_fields[field_cb699a3]\" id=\"form-field-field_cb699a3\" class=\"elementor-field elementor-size-sm  elementor-field-textual\" placeholder=\"Empresa\" required=\"required\">\n\t\t\t\t\t\t\t\t\t\t\t<\/div>\n\t\t\t\t\t\t\t\t<div class=\"elementor-field-type-tel elementor-field-group elementor-column elementor-field-group-field_f7839f5 elementor-col-50 elementor-sm-100 elementor-field-required\">\n\t\t\t\t\t\t\t<input size=\"1\" type=\"tel\" name=\"form_fields[field_f7839f5]\" id=\"form-field-field_f7839f5\" class=\"elementor-field elementor-size-sm  elementor-field-textual\" placeholder=\"Contacto Telef\u00f3nico\" required=\"required\" pattern=\"[0-9()#&amp;+*-=.]+\" title=\"Only numbers and phone characters (#, -, *, etc) are accepted.\">\n\n\t\t\t\t\t\t<\/div>\n\t\t\t\t\t\t\t\t<div class=\"elementor-field-type-email elementor-field-group elementor-column elementor-field-group-email elementor-col-100 elementor-sm-100 elementor-field-required\">\n\t\t\t\t\t\t\t\t\t\t\t\t\t<input size=\"1\" type=\"email\" name=\"form_fields[email]\" id=\"form-field-email\" class=\"elementor-field elementor-size-sm  elementor-field-textual\" placeholder=\"E-mail\" required=\"required\">\n\t\t\t\t\t\t\t\t\t\t\t<\/div>\n\t\t\t\t\t\t\t\t<div class=\"elementor-field-type-textarea elementor-field-group elementor-column elementor-field-group-field_bda55b5 elementor-col-100 elementor-sm-100 elementor-field-required\">\n\t\t\t\t\t<textarea class=\"elementor-field-textual elementor-field  elementor-size-sm\" name=\"form_fields[field_bda55b5]\" id=\"form-field-field_bda55b5\" rows=\"4\" placeholder=\"Mensagens\" required=\"required\"><\/textarea>\t\t\t\t<\/div>\n\t\t\t\t\t\t\t\t<div class=\"elementor-field-group elementor-column elementor-field-type-submit elementor-col-100 e-form__buttons elementor-sm-100\">\n\t\t\t\t\t<button class=\"elementor-button elementor-size-sm\" type=\"submit\">\n\t\t\t\t\t\t<span class=\"elementor-button-content-wrapper\">\n\t\t\t\t\t\t\t\t\t\t\t\t\t\t\t\t\t\t\t\t\t\t<span class=\"elementor-button-text\">Submeter Formul\u00e1rio<\/span>\n\t\t\t\t\t\t\t\t\t\t\t\t\t<\/span>\n\t\t\t\t\t<\/button>\n\t\t\t\t<\/div>\n\t\t\t<\/div>\n\t\t<\/form>\n\t\t\t\t\t\t<\/div>\n\t\t\t\t<div class=\"elementor-element elementor-element-42dfb5c elementor-widget elementor-widget-heading\" data-id=\"42dfb5c\" data-element_type=\"widget\" data-e-type=\"widget\" data-widget_type=\"heading.default\">\n\t\t\t\t\t<h2 class=\"elementor-heading-title elementor-size-default\">Ao submeter concorda com a nossa <a href=\"\"><u>Pol\u00edtica de Privacidade<\/u><\/a>.<\/h2>\t\t\t\t<\/div>\n\t\t\t\t<\/div>\n\t\t\t\t<\/div>\n\t\t\t\t\t<\/div>\n\t\t\t\t<\/div>\n\t\t\t\t<\/div>\n\t\t","protected":false},"excerpt":{"rendered":"<p>Home ATIVIDADES Certifica\u00e7\u00e3o de Empresas A certifica\u00e7\u00e3o de empresas que prestam servi\u00e7os a terceiros \u00e9 obrigat\u00f3ria para o manuseamento e interven\u00e7\u00f5es em equipamentos que contenham os gases fluorados e suas alternativas, e \u00e9 de \u00e2mbito europeu, o que equivale a dizer que uma certifica\u00e7\u00e3o neste \u00e2mbito em Portugal \u00e9 reconhecida em qualquer pa\u00eds da Uni\u00e3o [&hellip;]<\/p>\n","protected":false},"author":2,"featured_media":0,"parent":20,"menu_order":0,"comment_status":"closed","ping_status":"closed","template":"elementor_header_footer","meta":{"footnotes":""},"class_list":["post-829","page","type-page","status-publish","hentry"],"_links":{"self":[{"href":"https:\/\/apirac.pt\/en\/wp-json\/wp\/v2\/pages\/829","targetHints":{"allow":["GET"]}}],"collection":[{"href":"https:\/\/apirac.pt\/en\/wp-json\/wp\/v2\/pages"}],"about":[{"href":"https:\/\/apirac.pt\/en\/wp-json\/wp\/v2\/types\/page"}],"author":[{"embeddable":true,"href":"https:\/\/apirac.pt\/en\/wp-json\/wp\/v2\/users\/2"}],"replies":[{"embeddable":true,"href":"https:\/\/apirac.pt\/en\/wp-json\/wp\/v2\/comments?post=829"}],"version-history":[{"count":52,"href":"https:\/\/apirac.pt\/en\/wp-json\/wp\/v2\/pages\/829\/revisions"}],"predecessor-version":[{"id":7165,"href":"https:\/\/apirac.pt\/en\/wp-json\/wp\/v2\/pages\/829\/revisions\/7165"}],"up":[{"embeddable":true,"href":"https:\/\/apirac.pt\/en\/wp-json\/wp\/v2\/pages\/20"}],"wp:attachment":[{"href":"https:\/\/apirac.pt\/en\/wp-json\/wp\/v2\/media?parent=829"}],"curies":[{"name":"wp","href":"https:\/\/api.w.org\/{rel}","templated":true}]}}